{"id":30021,"date":"2024-06-05T19:14:49","date_gmt":"2024-06-05T19:14:49","guid":{"rendered":"https:\/\/flordeliz.com\/?post_type=product&#038;p=30021"},"modified":"2025-05-12T10:55:21","modified_gmt":"2025-05-12T15:55:21","slug":"adoracion-en-girasoles","status":"publish","type":"product","link":"https:\/\/flordeliz.com\/en\/product\/adoracion-en-girasoles\/","title":{"rendered":"Adoraci\u00f3n en girasoles"},"content":{"rendered":"<p>Delicado arreglo elaborado en 8 girasoles, hip\u00e9rico rojo, canci\u00f3n de la India, papiros y hojas de carey.<\/p>\n<p>* base sujeta a cambio de acuerdo a disponibilidad.*<\/p>","protected":false},"excerpt":{"rendered":"<p class=\"\" data-start=\"54\" data-end=\"96\">Un detalle lleno de frescura y color.<\/p>\n<p class=\"\" data-start=\"98\" data-end=\"352\">Delicado arreglo elaborado con 8 girasoles, hip\u00e9rico rojo, aster morado, canci\u00f3n de la India, papiros y hojas de carey.<\/p>\n<p class=\"\" data-start=\"98\" data-end=\"352\">Un regalo perfecto que trae vida y vibrante energ\u00eda a cualquier ocasi\u00f3n.<\/p>\n<p class=\"\" data-start=\"98\" data-end=\"352\"><em data-start=\"293\" data-end=\"352\">Base est\u00e1 sujeta a cambio de acuerdo a disponibilidad.<\/em><\/p>","protected":false},"featured_media":30022,"comment_status":"open","ping_status":"closed","template":"","meta":[],"product_brand":[],"product_cat":[170,140,175,172,178,176,232,155,174,141],"product_tag":[],"class_list":{"0":"post-30021","1":"product","2":"type-product","3":"status-publish","4":"has-post-thumbnail","6":"product_cat-aniversario","7":"product_cat-arreglos-naturales","8":"product_cat-bienvenida","9":"product_cat-cumpleanos","10":"product_cat-detalles","11":"product_cat-dia-del-padre","12":"product_cat-disculpas","13":"product_cat-girasoles","14":"product_cat-grados","15":"product_cat-natural","18":"first","19":"instock","20":"shipping-taxable","21":"purchasable","22":"product-type-simple"},"yoast_head":"<!-- This site is optimized with the Yoast SEO plugin v27.5 - https:\/\/yoast.com\/product\/yoast-seo-wordpress\/ -->\n<title>Adoraci\u00f3n en girasoles \u2013 Flores Barranquilla | Flor de Liz<\/title>\n<meta name=\"description\" content=\"Adoraci\u00f3n en girasoles disponible en Flor de Liz, tu tienda de flores en Barranquilla. Arreglo floral ideal para aniversarios y ocasiones especiales\" \/>\n<meta name=\"robots\" content=\"index, follow, max-snippet:-1, max-image-preview:large, max-video-preview:-1\" \/>\n<link rel=\"canonical\" href=\"https:\/\/flordeliz.com\/en\/product\/adoracion-en-girasoles\/\" \/>\n<meta property=\"og:locale\" content=\"en_US\" \/>\n<meta property=\"og:type\" content=\"article\" \/>\n<meta property=\"og:title\" content=\"Adoraci\u00f3n en girasoles \u2013 Flores Barranquilla | Flor de Liz\" \/>\n<meta property=\"og:description\" content=\"Adoraci\u00f3n en girasoles disponible en Flor de Liz, tu tienda de flores en Barranquilla. Arreglo floral ideal para aniversarios y ocasiones especiales\" \/>\n<meta property=\"og:url\" content=\"https:\/\/flordeliz.com\/en\/product\/adoracion-en-girasoles\/\" \/>\n<meta property=\"og:site_name\" content=\"Bienvenidos a Flor de Liz | Tienda virtual de Flores en Barranquilla\" \/>\n<meta property=\"article:publisher\" content=\"https:\/\/www.facebook.com\/Flordelizbq\" \/>\n<meta property=\"article:modified_time\" content=\"2025-05-12T15:55:21+00:00\" \/>\n<meta property=\"og:image\" content=\"https:\/\/flordeliz.com\/wp-content\/uploads\/2024\/06\/FONDO-BLANCO-3.jpg\" \/>\n\t<meta property=\"og:image:width\" content=\"2000\" \/>\n\t<meta property=\"og:image:height\" content=\"2000\" \/>\n\t<meta property=\"og:image:type\" content=\"image\/jpeg\" \/>\n<meta name=\"twitter:card\" content=\"summary_large_image\" \/>\n<script type=\"application\/ld+json\" class=\"yoast-schema-graph\">{\"@context\":\"https:\\\/\\\/schema.org\",\"@graph\":[{\"@type\":\"WebPage\",\"@id\":\"https:\\\/\\\/flordeliz.com\\\/product\\\/adoracion-en-girasoles\\\/\",\"url\":\"https:\\\/\\\/flordeliz.com\\\/product\\\/adoracion-en-girasoles\\\/\",\"name\":\"Adoraci\u00f3n en girasoles \u2013 Flores Barranquilla | Flor de Liz\",\"isPartOf\":{\"@id\":\"https:\\\/\\\/flordeliz.com\\\/#website\"},\"primaryImageOfPage\":{\"@id\":\"https:\\\/\\\/flordeliz.com\\\/product\\\/adoracion-en-girasoles\\\/#primaryimage\"},\"image\":{\"@id\":\"https:\\\/\\\/flordeliz.com\\\/product\\\/adoracion-en-girasoles\\\/#primaryimage\"},\"thumbnailUrl\":\"https:\\\/\\\/flordeliz.com\\\/wp-content\\\/uploads\\\/2024\\\/06\\\/FONDO-BLANCO-3.jpg\",\"datePublished\":\"2024-06-05T19:14:49+00:00\",\"dateModified\":\"2025-05-12T15:55:21+00:00\",\"description\":\"Adoraci\u00f3n en girasoles disponible en Flor de Liz, tu tienda de flores en Barranquilla. Arreglo floral ideal para aniversarios y ocasiones especiales\",\"breadcrumb\":{\"@id\":\"https:\\\/\\\/flordeliz.com\\\/product\\\/adoracion-en-girasoles\\\/#breadcrumb\"},\"inLanguage\":\"en-US\",\"potentialAction\":[{\"@type\":\"ReadAction\",\"target\":[\"https:\\\/\\\/flordeliz.com\\\/product\\\/adoracion-en-girasoles\\\/\"]}]},{\"@type\":\"ImageObject\",\"inLanguage\":\"en-US\",\"@id\":\"https:\\\/\\\/flordeliz.com\\\/product\\\/adoracion-en-girasoles\\\/#primaryimage\",\"url\":\"https:\\\/\\\/flordeliz.com\\\/wp-content\\\/uploads\\\/2024\\\/06\\\/FONDO-BLANCO-3.jpg\",\"contentUrl\":\"https:\\\/\\\/flordeliz.com\\\/wp-content\\\/uploads\\\/2024\\\/06\\\/FONDO-BLANCO-3.jpg\",\"width\":2000,\"height\":2000},{\"@type\":\"BreadcrumbList\",\"@id\":\"https:\\\/\\\/flordeliz.com\\\/product\\\/adoracion-en-girasoles\\\/#breadcrumb\",\"itemListElement\":[{\"@type\":\"ListItem\",\"position\":1,\"name\":\"Portada\",\"item\":\"https:\\\/\\\/flordeliz.com\\\/\"},{\"@type\":\"ListItem\",\"position\":2,\"name\":\"Shop\",\"item\":\"https:\\\/\\\/flordeliz.com\\\/shop\\\/\"},{\"@type\":\"ListItem\",\"position\":3,\"name\":\"Adoraci\u00f3n en girasoles\"}]},{\"@type\":\"WebSite\",\"@id\":\"https:\\\/\\\/flordeliz.com\\\/#website\",\"url\":\"https:\\\/\\\/flordeliz.com\\\/\",\"name\":\"Bienvenidos a Flor de Liz | Tienda virtual de Flores en Barranquilla\",\"description\":\"La tienda de Flores con m\u00e1s prestigio en Barranquilla\",\"publisher\":{\"@id\":\"https:\\\/\\\/flordeliz.com\\\/#organization\"},\"potentialAction\":[{\"@type\":\"SearchAction\",\"target\":{\"@type\":\"EntryPoint\",\"urlTemplate\":\"https:\\\/\\\/flordeliz.com\\\/?s={search_term_string}\"},\"query-input\":{\"@type\":\"PropertyValueSpecification\",\"valueRequired\":true,\"valueName\":\"search_term_string\"}}],\"inLanguage\":\"en-US\"},{\"@type\":\"Organization\",\"@id\":\"https:\\\/\\\/flordeliz.com\\\/#organization\",\"name\":\"Bienvenidos a Flor de Liz | Tienda virtual de Flores en Barranquilla\",\"url\":\"https:\\\/\\\/flordeliz.com\\\/\",\"logo\":{\"@type\":\"ImageObject\",\"inLanguage\":\"en-US\",\"@id\":\"https:\\\/\\\/flordeliz.com\\\/#\\\/schema\\\/logo\\\/image\\\/\",\"url\":\"https:\\\/\\\/flordeliz.com\\\/wp-content\\\/uploads\\\/2023\\\/09\\\/new-logo-flordeliz.png\",\"contentUrl\":\"https:\\\/\\\/flordeliz.com\\\/wp-content\\\/uploads\\\/2023\\\/09\\\/new-logo-flordeliz.png\",\"width\":526,\"height\":448,\"caption\":\"Bienvenidos a Flor de Liz | Tienda virtual de Flores en Barranquilla\"},\"image\":{\"@id\":\"https:\\\/\\\/flordeliz.com\\\/#\\\/schema\\\/logo\\\/image\\\/\"},\"sameAs\":[\"https:\\\/\\\/www.facebook.com\\\/Flordelizbq\",\"https:\\\/\\\/www.instagram.com\\\/flordelizbq\\\/\"]}]}<\/script>\n<!-- \/ Yoast SEO plugin. -->","yoast_head_json":{"title":"Adoraci\u00f3n en girasoles \u2013 Flores Barranquilla | Flor de Liz","description":"Adoraci\u00f3n en girasoles disponible en Flor de Liz, tu tienda de flores en Barranquilla. Arreglo floral ideal para aniversarios y ocasiones especiales","robots":{"index":"index","follow":"follow","max-snippet":"max-snippet:-1","max-image-preview":"max-image-preview:large","max-video-preview":"max-video-preview:-1"},"canonical":"https:\/\/flordeliz.com\/en\/product\/adoracion-en-girasoles\/","og_locale":"en_US","og_type":"article","og_title":"Adoraci\u00f3n en girasoles \u2013 Flores Barranquilla | Flor de Liz","og_description":"Adoraci\u00f3n en girasoles disponible en Flor de Liz, tu tienda de flores en Barranquilla. Arreglo floral ideal para aniversarios y ocasiones especiales","og_url":"https:\/\/flordeliz.com\/en\/product\/adoracion-en-girasoles\/","og_site_name":"Bienvenidos a Flor de Liz | Tienda virtual de Flores en Barranquilla","article_publisher":"https:\/\/www.facebook.com\/Flordelizbq","article_modified_time":"2025-05-12T15:55:21+00:00","og_image":[{"width":2000,"height":2000,"url":"https:\/\/flordeliz.com\/wp-content\/uploads\/2024\/06\/FONDO-BLANCO-3.jpg","type":"image\/jpeg"}],"twitter_card":"summary_large_image","schema":{"@context":"https:\/\/schema.org","@graph":[{"@type":"WebPage","@id":"https:\/\/flordeliz.com\/product\/adoracion-en-girasoles\/","url":"https:\/\/flordeliz.com\/product\/adoracion-en-girasoles\/","name":"Adoraci\u00f3n en girasoles \u2013 Flores Barranquilla | Flor de Liz","isPartOf":{"@id":"https:\/\/flordeliz.com\/#website"},"primaryImageOfPage":{"@id":"https:\/\/flordeliz.com\/product\/adoracion-en-girasoles\/#primaryimage"},"image":{"@id":"https:\/\/flordeliz.com\/product\/adoracion-en-girasoles\/#primaryimage"},"thumbnailUrl":"https:\/\/flordeliz.com\/wp-content\/uploads\/2024\/06\/FONDO-BLANCO-3.jpg","datePublished":"2024-06-05T19:14:49+00:00","dateModified":"2025-05-12T15:55:21+00:00","description":"Adoraci\u00f3n en girasoles disponible en Flor de Liz, tu tienda de flores en Barranquilla. Arreglo floral ideal para aniversarios y ocasiones especiales","breadcrumb":{"@id":"https:\/\/flordeliz.com\/product\/adoracion-en-girasoles\/#breadcrumb"},"inLanguage":"en-US","potentialAction":[{"@type":"ReadAction","target":["https:\/\/flordeliz.com\/product\/adoracion-en-girasoles\/"]}]},{"@type":"ImageObject","inLanguage":"en-US","@id":"https:\/\/flordeliz.com\/product\/adoracion-en-girasoles\/#primaryimage","url":"https:\/\/flordeliz.com\/wp-content\/uploads\/2024\/06\/FONDO-BLANCO-3.jpg","contentUrl":"https:\/\/flordeliz.com\/wp-content\/uploads\/2024\/06\/FONDO-BLANCO-3.jpg","width":2000,"height":2000},{"@type":"BreadcrumbList","@id":"https:\/\/flordeliz.com\/product\/adoracion-en-girasoles\/#breadcrumb","itemListElement":[{"@type":"ListItem","position":1,"name":"Portada","item":"https:\/\/flordeliz.com\/"},{"@type":"ListItem","position":2,"name":"Shop","item":"https:\/\/flordeliz.com\/shop\/"},{"@type":"ListItem","position":3,"name":"Adoraci\u00f3n en girasoles"}]},{"@type":"WebSite","@id":"https:\/\/flordeliz.com\/#website","url":"https:\/\/flordeliz.com\/","name":"Bienvenidos a Flor de Liz | Tienda virtual de Flores en Barranquilla","description":"La tienda de Flores con m\u00e1s prestigio en Barranquilla","publisher":{"@id":"https:\/\/flordeliz.com\/#organization"},"potentialAction":[{"@type":"SearchAction","target":{"@type":"EntryPoint","urlTemplate":"https:\/\/flordeliz.com\/?s={search_term_string}"},"query-input":{"@type":"PropertyValueSpecification","valueRequired":true,"valueName":"search_term_string"}}],"inLanguage":"en-US"},{"@type":"Organization","@id":"https:\/\/flordeliz.com\/#organization","name":"Bienvenidos a Flor de Liz | Tienda virtual de Flores en Barranquilla","url":"https:\/\/flordeliz.com\/","logo":{"@type":"ImageObject","inLanguage":"en-US","@id":"https:\/\/flordeliz.com\/#\/schema\/logo\/image\/","url":"https:\/\/flordeliz.com\/wp-content\/uploads\/2023\/09\/new-logo-flordeliz.png","contentUrl":"https:\/\/flordeliz.com\/wp-content\/uploads\/2023\/09\/new-logo-flordeliz.png","width":526,"height":448,"caption":"Bienvenidos a Flor de Liz | Tienda virtual de Flores en Barranquilla"},"image":{"@id":"https:\/\/flordeliz.com\/#\/schema\/logo\/image\/"},"sameAs":["https:\/\/www.facebook.com\/Flordelizbq","https:\/\/www.instagram.com\/flordelizbq\/"]}]}},"_links":{"self":[{"href":"https:\/\/flordeliz.com\/en\/wp-json\/wp\/v2\/product\/30021","targetHints":{"allow":["GET"]}}],"collection":[{"href":"https:\/\/flordeliz.com\/en\/wp-json\/wp\/v2\/product"}],"about":[{"href":"https:\/\/flordeliz.com\/en\/wp-json\/wp\/v2\/types\/product"}],"replies":[{"embeddable":true,"href":"https:\/\/flordeliz.com\/en\/wp-json\/wp\/v2\/comments?post=30021"}],"wp:featuredmedia":[{"embeddable":true,"href":"https:\/\/flordeliz.com\/en\/wp-json\/wp\/v2\/media\/30022"}],"wp:attachment":[{"href":"https:\/\/flordeliz.com\/en\/wp-json\/wp\/v2\/media?parent=30021"}],"wp:term":[{"taxonomy":"product_brand","embeddable":true,"href":"https:\/\/flordeliz.com\/en\/wp-json\/wp\/v2\/product_brand?post=30021"},{"taxonomy":"product_cat","embeddable":true,"href":"https:\/\/flordeliz.com\/en\/wp-json\/wp\/v2\/product_cat?post=30021"},{"taxonomy":"product_tag","embeddable":true,"href":"https:\/\/flordeliz.com\/en\/wp-json\/wp\/v2\/product_tag?post=30021"}],"curies":[{"name":"wp","href":"https:\/\/api.w.org\/{rel}","templated":true}]}}