{"id":29953,"date":"2024-04-18T03:17:03","date_gmt":"2024-04-18T03:17:03","guid":{"rendered":"https:\/\/flordeliz.com\/?post_type=product&#038;p=29953"},"modified":"2025-05-12T10:53:27","modified_gmt":"2025-05-12T15:53:27","slug":"hilo-rosa","status":"publish","type":"product","link":"https:\/\/flordeliz.com\/en\/product\/hilo-rosa\/","title":{"rendered":"Hilo Rosa"},"content":{"rendered":"<p><span data-sheets-root=\"1\" data-sheets-value=\"{&quot;1&quot;:2,&quot;2&quot;:&quot;Hermoso ramillete elaborado con lirios, rosas, boca de dragon, pinoquios, gipsofilias, solo mias, aplique en mariposa, papel coreano, lazo en cinta estampada. *Papel y cinta sujetos a cambios*&quot;}\" data-sheets-userformat=\"{&quot;2&quot;:899,&quot;3&quot;:{&quot;1&quot;:0},&quot;4&quot;:{&quot;1&quot;:2,&quot;2&quot;:11982760},&quot;10&quot;:1,&quot;11&quot;:4,&quot;12&quot;:0}\">Hermoso ramillete elaborado con lirios, rosas, boca de dragon, pinoquios, gipsofilias, solo mias, aplique en mariposa, papel coreano, lazo en cinta estampada. <\/span><\/p>\n<p><span data-sheets-root=\"1\" data-sheets-value=\"{&quot;1&quot;:2,&quot;2&quot;:&quot;Hermoso ramillete elaborado con lirios, rosas, boca de dragon, pinoquios, gipsofilias, solo mias, aplique en mariposa, papel coreano, lazo en cinta estampada. *Papel y cinta sujetos a cambios*&quot;}\" data-sheets-userformat=\"{&quot;2&quot;:899,&quot;3&quot;:{&quot;1&quot;:0},&quot;4&quot;:{&quot;1&quot;:2,&quot;2&quot;:11982760},&quot;10&quot;:1,&quot;11&quot;:4,&quot;12&quot;:0}\">*Papel y cinta sujetos a cambios*<\/span><\/p>","protected":false},"excerpt":{"rendered":"<article class=\"text-token-text-primary w-full\" dir=\"auto\" data-testid=\"conversation-turn-72\" data-scroll-anchor=\"true\">\n<div class=\"text-base my-auto mx-auto py-5 [--thread-content-margin:--spacing(4)] @[37rem]:[--thread-content-margin:--spacing(6)] @[70rem]:[--thread-content-margin:--spacing(12)] px-(--thread-content-margin)\">\n<div class=\"[--thread-content-max-width:32rem] @[34rem]:[--thread-content-max-width:40rem] @[64rem]:[--thread-content-max-width:48rem] mx-auto flex max-w-(--thread-content-max-width) flex-1 text-base gap-4 md:gap-5 lg:gap-6 group\/turn-messages focus-visible:outline-hidden\" tabindex=\"-1\">\n<div class=\"group\/conversation-turn relative flex w-full min-w-0 flex-col agent-turn\">\n<div class=\"relative flex-col gap-1 md:gap-3\">\n<div class=\"flex max-w-full flex-col grow\">\n<div class=\"min-h-8 text-message relative flex w-full flex-col items-end gap-2 text-start break-words whitespace-normal [.text-message+&amp;]:mt-5\" dir=\"auto\" data-message-author-role=\"assistant\" data-message-id=\"65801d26-8390-4f95-825e-520f0431a49d\" data-message-model-slug=\"gpt-4o\">\n<div class=\"flex w-full flex-col gap-1 empty:hidden first:pt-[3px]\">\n<div class=\"markdown prose dark:prose-invert w-full break-words dark\">\n<p class=\"\" data-start=\"0\" data-end=\"272\">Ramillete encantador con lirios, rosas, boca de drag\u00f3n, pinoquios, gyps\u00f3fila y solo m\u00edas, decorado con aplique de mariposa, papel coreano y lazo en cinta estampada.<\/p>\n<p class=\"\" data-start=\"0\" data-end=\"272\">Ideal para sorprender en cumplea\u00f1os, aniversarios o fechas especiales.<br data-start=\"235\" data-end=\"238\" \/><em data-start=\"238\" data-end=\"272\" data-is-last-node=\"\">Papel y cinta sujetos a cambios seg\u00fan disponibilidad.<\/em><\/p>\n<\/div>\n<\/div>\n<\/div>\n<\/div>\n<div class=\"flex justify-start\">\n<div class=\"touch:-me-2 touch:-ms-3.5 -ms-2.5 -me-1 flex items-center p-1 select-none -mt-1 duration-[1.5s] focus-within:transition-none hover:transition-none pointer-events-none [mask-image:linear-gradient(to_right,black_33%,transparent_66%)] [mask-position:100%_0%] [mask-size:300%_100%] motion-safe:transition-[mask-position] group-hover\/turn-messages:pointer-events-auto group-hover\/turn-messages:[mask-position:0_0] group-focus-within\/turn-messages:pointer-events-auto group-focus-within\/turn-messages:[mask-position:0_0] has-data-[state=open]:pointer-events-auto has-data-[state=open]:[mask-position:0_0]\"><\/div>\n<\/div>\n<\/div>\n<\/div>\n<\/div>\n<\/div>\n<\/article>\n","protected":false},"featured_media":29954,"comment_status":"open","ping_status":"closed","template":"","meta":[],"product_brand":[],"product_cat":[175,172,234,178,171,174,141,270,180,221,177,142,231,173],"product_tag":[],"class_list":{"0":"post-29953","1":"product","2":"type-product","3":"status-publish","4":"has-post-thumbnail","6":"product_cat-bienvenida","7":"product_cat-cumpleanos","8":"product_cat-despedida","9":"product_cat-detalles","10":"product_cat-dia-de-las-madres","11":"product_cat-grados","12":"product_cat-natural","13":"product_cat-nuevos-disenos","14":"product_cat-pedida-de-mano","15":"product_cat-primaverales-ramilletes","16":"product_cat-quinceaneros","17":"product_cat-ramilletes","18":"product_cat-regalos","19":"product_cat-amor-y-amistad","22":"first","23":"instock","24":"shipping-taxable","25":"purchasable","26":"product-type-simple"},"yoast_head":"<!-- This site is optimized with the Yoast SEO plugin v27.5 - https:\/\/yoast.com\/product\/yoast-seo-wordpress\/ -->\n<title>Hilo Rosa \u2013 Flores Barranquilla | Flor de Liz<\/title>\n<meta name=\"description\" content=\"Hilo Rosa disponible en Flor de Liz, tu tienda de flores en Barranquilla. Arreglo floral ideal para aniversarios y ocasiones especiales\" \/>\n<meta name=\"robots\" content=\"index, follow, max-snippet:-1, max-image-preview:large, max-video-preview:-1\" \/>\n<link rel=\"canonical\" href=\"https:\/\/flordeliz.com\/en\/product\/hilo-rosa\/\" \/>\n<meta property=\"og:locale\" content=\"en_US\" \/>\n<meta property=\"og:type\" content=\"article\" \/>\n<meta property=\"og:title\" content=\"Hilo Rosa \u2013 Flores Barranquilla | Flor de Liz\" \/>\n<meta property=\"og:description\" content=\"Hilo Rosa disponible en Flor de Liz, tu tienda de flores en Barranquilla. Arreglo floral ideal para aniversarios y ocasiones especiales\" \/>\n<meta property=\"og:url\" content=\"https:\/\/flordeliz.com\/en\/product\/hilo-rosa\/\" \/>\n<meta property=\"og:site_name\" content=\"Bienvenidos a Flor de Liz | Tienda virtual de Flores en Barranquilla\" \/>\n<meta property=\"article:publisher\" content=\"https:\/\/www.facebook.com\/Flordelizbq\" \/>\n<meta property=\"article:modified_time\" content=\"2025-05-12T15:53:27+00:00\" \/>\n<meta property=\"og:image\" content=\"https:\/\/flordeliz.com\/wp-content\/uploads\/2024\/04\/eBay-Photoroom-2024-03-27T092006.307.jpg\" \/>\n\t<meta property=\"og:image:width\" content=\"2000\" \/>\n\t<meta property=\"og:image:height\" content=\"2000\" \/>\n\t<meta property=\"og:image:type\" content=\"image\/jpeg\" \/>\n<meta name=\"twitter:card\" content=\"summary_large_image\" \/>\n<script type=\"application\/ld+json\" class=\"yoast-schema-graph\">{\"@context\":\"https:\\\/\\\/schema.org\",\"@graph\":[{\"@type\":\"WebPage\",\"@id\":\"https:\\\/\\\/flordeliz.com\\\/product\\\/hilo-rosa\\\/\",\"url\":\"https:\\\/\\\/flordeliz.com\\\/product\\\/hilo-rosa\\\/\",\"name\":\"Hilo Rosa \u2013 Flores Barranquilla | Flor de Liz\",\"isPartOf\":{\"@id\":\"https:\\\/\\\/flordeliz.com\\\/#website\"},\"primaryImageOfPage\":{\"@id\":\"https:\\\/\\\/flordeliz.com\\\/product\\\/hilo-rosa\\\/#primaryimage\"},\"image\":{\"@id\":\"https:\\\/\\\/flordeliz.com\\\/product\\\/hilo-rosa\\\/#primaryimage\"},\"thumbnailUrl\":\"https:\\\/\\\/flordeliz.com\\\/wp-content\\\/uploads\\\/2024\\\/04\\\/eBay-Photoroom-2024-03-27T092006.307.jpg\",\"datePublished\":\"2024-04-18T03:17:03+00:00\",\"dateModified\":\"2025-05-12T15:53:27+00:00\",\"description\":\"Hilo Rosa disponible en Flor de Liz, tu tienda de flores en Barranquilla. Arreglo floral ideal para aniversarios y ocasiones especiales\",\"breadcrumb\":{\"@id\":\"https:\\\/\\\/flordeliz.com\\\/product\\\/hilo-rosa\\\/#breadcrumb\"},\"inLanguage\":\"en-US\",\"potentialAction\":[{\"@type\":\"ReadAction\",\"target\":[\"https:\\\/\\\/flordeliz.com\\\/product\\\/hilo-rosa\\\/\"]}]},{\"@type\":\"ImageObject\",\"inLanguage\":\"en-US\",\"@id\":\"https:\\\/\\\/flordeliz.com\\\/product\\\/hilo-rosa\\\/#primaryimage\",\"url\":\"https:\\\/\\\/flordeliz.com\\\/wp-content\\\/uploads\\\/2024\\\/04\\\/eBay-Photoroom-2024-03-27T092006.307.jpg\",\"contentUrl\":\"https:\\\/\\\/flordeliz.com\\\/wp-content\\\/uploads\\\/2024\\\/04\\\/eBay-Photoroom-2024-03-27T092006.307.jpg\",\"width\":2000,\"height\":2000},{\"@type\":\"BreadcrumbList\",\"@id\":\"https:\\\/\\\/flordeliz.com\\\/product\\\/hilo-rosa\\\/#breadcrumb\",\"itemListElement\":[{\"@type\":\"ListItem\",\"position\":1,\"name\":\"Portada\",\"item\":\"https:\\\/\\\/flordeliz.com\\\/\"},{\"@type\":\"ListItem\",\"position\":2,\"name\":\"Shop\",\"item\":\"https:\\\/\\\/flordeliz.com\\\/shop\\\/\"},{\"@type\":\"ListItem\",\"position\":3,\"name\":\"Hilo Rosa\"}]},{\"@type\":\"WebSite\",\"@id\":\"https:\\\/\\\/flordeliz.com\\\/#website\",\"url\":\"https:\\\/\\\/flordeliz.com\\\/\",\"name\":\"Bienvenidos a Flor de Liz | Tienda virtual de Flores en Barranquilla\",\"description\":\"La tienda de Flores con m\u00e1s prestigio en Barranquilla\",\"publisher\":{\"@id\":\"https:\\\/\\\/flordeliz.com\\\/#organization\"},\"potentialAction\":[{\"@type\":\"SearchAction\",\"target\":{\"@type\":\"EntryPoint\",\"urlTemplate\":\"https:\\\/\\\/flordeliz.com\\\/?s={search_term_string}\"},\"query-input\":{\"@type\":\"PropertyValueSpecification\",\"valueRequired\":true,\"valueName\":\"search_term_string\"}}],\"inLanguage\":\"en-US\"},{\"@type\":\"Organization\",\"@id\":\"https:\\\/\\\/flordeliz.com\\\/#organization\",\"name\":\"Bienvenidos a Flor de Liz | Tienda virtual de Flores en Barranquilla\",\"url\":\"https:\\\/\\\/flordeliz.com\\\/\",\"logo\":{\"@type\":\"ImageObject\",\"inLanguage\":\"en-US\",\"@id\":\"https:\\\/\\\/flordeliz.com\\\/#\\\/schema\\\/logo\\\/image\\\/\",\"url\":\"https:\\\/\\\/flordeliz.com\\\/wp-content\\\/uploads\\\/2023\\\/09\\\/new-logo-flordeliz.png\",\"contentUrl\":\"https:\\\/\\\/flordeliz.com\\\/wp-content\\\/uploads\\\/2023\\\/09\\\/new-logo-flordeliz.png\",\"width\":526,\"height\":448,\"caption\":\"Bienvenidos a Flor de Liz | Tienda virtual de Flores en Barranquilla\"},\"image\":{\"@id\":\"https:\\\/\\\/flordeliz.com\\\/#\\\/schema\\\/logo\\\/image\\\/\"},\"sameAs\":[\"https:\\\/\\\/www.facebook.com\\\/Flordelizbq\",\"https:\\\/\\\/www.instagram.com\\\/flordelizbq\\\/\"]}]}<\/script>\n<!-- \/ Yoast SEO plugin. -->","yoast_head_json":{"title":"Hilo Rosa \u2013 Flores Barranquilla | Flor de Liz","description":"Hilo Rosa disponible en Flor de Liz, tu tienda de flores en Barranquilla. Arreglo floral ideal para aniversarios y ocasiones especiales","robots":{"index":"index","follow":"follow","max-snippet":"max-snippet:-1","max-image-preview":"max-image-preview:large","max-video-preview":"max-video-preview:-1"},"canonical":"https:\/\/flordeliz.com\/en\/product\/hilo-rosa\/","og_locale":"en_US","og_type":"article","og_title":"Hilo Rosa \u2013 Flores Barranquilla | Flor de Liz","og_description":"Hilo Rosa disponible en Flor de Liz, tu tienda de flores en Barranquilla. Arreglo floral ideal para aniversarios y ocasiones especiales","og_url":"https:\/\/flordeliz.com\/en\/product\/hilo-rosa\/","og_site_name":"Bienvenidos a Flor de Liz | Tienda virtual de Flores en Barranquilla","article_publisher":"https:\/\/www.facebook.com\/Flordelizbq","article_modified_time":"2025-05-12T15:53:27+00:00","og_image":[{"width":2000,"height":2000,"url":"https:\/\/flordeliz.com\/wp-content\/uploads\/2024\/04\/eBay-Photoroom-2024-03-27T092006.307.jpg","type":"image\/jpeg"}],"twitter_card":"summary_large_image","schema":{"@context":"https:\/\/schema.org","@graph":[{"@type":"WebPage","@id":"https:\/\/flordeliz.com\/product\/hilo-rosa\/","url":"https:\/\/flordeliz.com\/product\/hilo-rosa\/","name":"Hilo Rosa \u2013 Flores Barranquilla | Flor de Liz","isPartOf":{"@id":"https:\/\/flordeliz.com\/#website"},"primaryImageOfPage":{"@id":"https:\/\/flordeliz.com\/product\/hilo-rosa\/#primaryimage"},"image":{"@id":"https:\/\/flordeliz.com\/product\/hilo-rosa\/#primaryimage"},"thumbnailUrl":"https:\/\/flordeliz.com\/wp-content\/uploads\/2024\/04\/eBay-Photoroom-2024-03-27T092006.307.jpg","datePublished":"2024-04-18T03:17:03+00:00","dateModified":"2025-05-12T15:53:27+00:00","description":"Hilo Rosa disponible en Flor de Liz, tu tienda de flores en Barranquilla. Arreglo floral ideal para aniversarios y ocasiones especiales","breadcrumb":{"@id":"https:\/\/flordeliz.com\/product\/hilo-rosa\/#breadcrumb"},"inLanguage":"en-US","potentialAction":[{"@type":"ReadAction","target":["https:\/\/flordeliz.com\/product\/hilo-rosa\/"]}]},{"@type":"ImageObject","inLanguage":"en-US","@id":"https:\/\/flordeliz.com\/product\/hilo-rosa\/#primaryimage","url":"https:\/\/flordeliz.com\/wp-content\/uploads\/2024\/04\/eBay-Photoroom-2024-03-27T092006.307.jpg","contentUrl":"https:\/\/flordeliz.com\/wp-content\/uploads\/2024\/04\/eBay-Photoroom-2024-03-27T092006.307.jpg","width":2000,"height":2000},{"@type":"BreadcrumbList","@id":"https:\/\/flordeliz.com\/product\/hilo-rosa\/#breadcrumb","itemListElement":[{"@type":"ListItem","position":1,"name":"Portada","item":"https:\/\/flordeliz.com\/"},{"@type":"ListItem","position":2,"name":"Shop","item":"https:\/\/flordeliz.com\/shop\/"},{"@type":"ListItem","position":3,"name":"Hilo Rosa"}]},{"@type":"WebSite","@id":"https:\/\/flordeliz.com\/#website","url":"https:\/\/flordeliz.com\/","name":"Bienvenidos a Flor de Liz | Tienda virtual de Flores en Barranquilla","description":"La tienda de Flores con m\u00e1s prestigio en Barranquilla","publisher":{"@id":"https:\/\/flordeliz.com\/#organization"},"potentialAction":[{"@type":"SearchAction","target":{"@type":"EntryPoint","urlTemplate":"https:\/\/flordeliz.com\/?s={search_term_string}"},"query-input":{"@type":"PropertyValueSpecification","valueRequired":true,"valueName":"search_term_string"}}],"inLanguage":"en-US"},{"@type":"Organization","@id":"https:\/\/flordeliz.com\/#organization","name":"Bienvenidos a Flor de Liz | Tienda virtual de Flores en Barranquilla","url":"https:\/\/flordeliz.com\/","logo":{"@type":"ImageObject","inLanguage":"en-US","@id":"https:\/\/flordeliz.com\/#\/schema\/logo\/image\/","url":"https:\/\/flordeliz.com\/wp-content\/uploads\/2023\/09\/new-logo-flordeliz.png","contentUrl":"https:\/\/flordeliz.com\/wp-content\/uploads\/2023\/09\/new-logo-flordeliz.png","width":526,"height":448,"caption":"Bienvenidos a Flor de Liz | Tienda virtual de Flores en Barranquilla"},"image":{"@id":"https:\/\/flordeliz.com\/#\/schema\/logo\/image\/"},"sameAs":["https:\/\/www.facebook.com\/Flordelizbq","https:\/\/www.instagram.com\/flordelizbq\/"]}]}},"_links":{"self":[{"href":"https:\/\/flordeliz.com\/en\/wp-json\/wp\/v2\/product\/29953","targetHints":{"allow":["GET"]}}],"collection":[{"href":"https:\/\/flordeliz.com\/en\/wp-json\/wp\/v2\/product"}],"about":[{"href":"https:\/\/flordeliz.com\/en\/wp-json\/wp\/v2\/types\/product"}],"replies":[{"embeddable":true,"href":"https:\/\/flordeliz.com\/en\/wp-json\/wp\/v2\/comments?post=29953"}],"wp:featuredmedia":[{"embeddable":true,"href":"https:\/\/flordeliz.com\/en\/wp-json\/wp\/v2\/media\/29954"}],"wp:attachment":[{"href":"https:\/\/flordeliz.com\/en\/wp-json\/wp\/v2\/media?parent=29953"}],"wp:term":[{"taxonomy":"product_brand","embeddable":true,"href":"https:\/\/flordeliz.com\/en\/wp-json\/wp\/v2\/product_brand?post=29953"},{"taxonomy":"product_cat","embeddable":true,"href":"https:\/\/flordeliz.com\/en\/wp-json\/wp\/v2\/product_cat?post=29953"},{"taxonomy":"product_tag","embeddable":true,"href":"https:\/\/flordeliz.com\/en\/wp-json\/wp\/v2\/product_tag?post=29953"}],"curies":[{"name":"wp","href":"https:\/\/api.w.org\/{rel}","templated":true}]}}